{"id":268,"date":"2018-11-13T14:02:07","date_gmt":"2018-11-13T13:02:07","guid":{"rendered":"http:\/\/wp13275824.server-he.de\/wordpress\/?page_id=268"},"modified":"2018-11-13T21:33:40","modified_gmt":"2018-11-13T20:33:40","slug":"impressum","status":"publish","type":"page","link":"http:\/\/www.alania-aachen.de\/wordpress\/impressum\/","title":{"rendered":"Impressum"},"content":{"rendered":"<h3>Haftungsausschluss<\/h3>\n<p>Alle Informationen wurden von uns mit Sorgfalt erstellt und ausgew\u00e4hlt. Gleichwohl k\u00f6nnen wir keine Gew\u00e4hr f\u00fcr Richtigkeit, Vollst\u00e4ndigkeit und Aktualit\u00e4t der Informationen in unserem Web-Angebot \u00fcbernehmen. Insbesondere bei Terminangaben und Verweisen auf externe Informationsangebote m\u00fcssen Sie damit rechnen, dass sich Verweise \u00e4ndern und Inhalte nicht mehr aktuell sein k\u00f6nnen. Die Nutzung unseres Netz-Angebotes erfolgt also auf Ihre eigene Gefahr.<\/p>\n<p>Soweit wir mittels Verweise auf Angebote Dritter verweisen, \u00fcbernehmen wir keine Haftung f\u00fcr die Inhalte dieser Informations-Anbieter. Dort ver\u00f6ffentlichte Meinungen oder Tatsachenbehauptungen machen wir uns durch die Schaltung eines Verweises nicht zu eigen, falls durch uns nicht ausdr\u00fccklich etwas anderes zu dem Verweis erkl\u00e4rt wird.<\/p>\n<h3>Impressum gem\u00e4\u00df \u00a7 6 Teledienstegesetz (TDG) und \u00a7 6 Mediendienste-Staatsvertrag (MDStV):<\/h3>\n<p>Betreiber dieses Web-Auftritts:<\/p>\n<p>Aachener Burschenschaft Alania<br \/>\n\u2013 vertreten durch den Vorstand \u2013<br \/>\nKrefelder Str. 24<br \/>\n52070 Aachen<br \/>\naltherrenvorsitzender@alania-aachen.de<\/p>\n<p>Verantwortlicher Redakteur und Netzwart f\u00fcr die Planung, Realisierung und Betreuung der Internetinhalte ist:<\/p>\n<p>Niklas Hoppe<br \/>\nKrefelder Str. 24<br \/>\n52070 Aachen<br \/>\nnetzwart@alania-aachen.de<\/p>\n","protected":false},"excerpt":{"rendered":"<p>Haftungsausschluss Alle Informationen wurden von uns mit Sorgfalt erstellt und ausgew\u00e4hlt. Gleichwohl k\u00f6nnen wir keine Gew\u00e4hr f\u00fcr Richtigkeit, Vollst\u00e4ndigkeit und Aktualit\u00e4t der Informationen in unserem Web-Angebot \u00fcbernehmen. Insbesondere bei Terminangaben und Verweisen auf externe Informationsangebote<a class=\"read-more\" href=\"http:\/\/www.alania-aachen.de\/wordpress\/impressum\/\">Continue reading<\/a><\/p>\n","protected":false},"author":1,"featured_media":0,"parent":0,"menu_order":0,"comment_status":"closed","ping_status":"closed","template":"","meta":{"footnotes":""},"_links":{"self":[{"href":"http:\/\/www.alania-aachen.de\/wordpress\/wp-json\/wp\/v2\/pages\/268"}],"collection":[{"href":"http:\/\/www.alania-aachen.de\/wordpress\/wp-json\/wp\/v2\/pages"}],"about":[{"href":"http:\/\/www.alania-aachen.de\/wordpress\/wp-json\/wp\/v2\/types\/page"}],"author":[{"embeddable":true,"href":"http:\/\/www.alania-aachen.de\/wordpress\/wp-json\/wp\/v2\/users\/1"}],"replies":[{"embeddable":true,"href":"http:\/\/www.alania-aachen.de\/wordpress\/wp-json\/wp\/v2\/comments?post=268"}],"version-history":[{"count":2,"href":"http:\/\/www.alania-aachen.de\/wordpress\/wp-json\/wp\/v2\/pages\/268\/revisions"}],"predecessor-version":[{"id":280,"href":"http:\/\/www.alania-aachen.de\/wordpress\/wp-json\/wp\/v2\/pages\/268\/revisions\/280"}],"wp:attachment":[{"href":"http:\/\/www.alania-aachen.de\/wordpress\/wp-json\/wp\/v2\/media?parent=268"}],"curies":[{"name":"wp","href":"https:\/\/api.w.org\/{rel}","templated":true}]}}