{"id":274,"date":"2018-11-13T14:06:31","date_gmt":"2018-11-13T13:06:31","guid":{"rendered":"http:\/\/wp13275824.server-he.de\/wordpress\/?page_id=274"},"modified":"2025-01-31T10:28:43","modified_gmt":"2025-01-31T09:28:43","slug":"alanen-stammtische-regionale-und-ueberregionale-veranstaltungen","status":"publish","type":"page","link":"http:\/\/www.alania-aachen.de\/wordpress\/alanen-stammtische-regionale-und-ueberregionale-veranstaltungen\/","title":{"rendered":"Alanen-Stammtische \u2013 Regionale und \u00fcberregionale Veranstaltungen"},"content":{"rendered":"<p>Stammtische als Anlaufstelle und Treffpunkte f\u00fcr Alanen und andere Burschenschafter gibt es mittlerweile in der ganzen Republik.<\/p>\n<p>Hier ist eine \u00dcbersicht der <b>Termine<\/b> mit Ansprechpartnern.<\/p>\n<h4 class=\"termine\">Aachen<\/h4>\n<p style=\"padding-left: 40px;\">Unser <strong>offener Bundesabend<\/strong> auf dem Haus f\u00fcr alle Alanen, G\u00e4ste und Interessierte: Jeden Mittwoch ab 20.00\u00a0Uhr.<br \/>\nAH-Stammtisch an jedem dritten Mittwoch im Monat um 19.30 Uhr auf dem Haus.<br \/>\nZu- bzw. Absagen bitte an Bbr. Christian Schomaker (Kontaktdaten siehe interner Bereich)<br \/>\nDie <strong>VaB Aachen<\/strong> trifft sich jeden ersten Mittwoch im Monat um 20.00\u00a0Uhr auf dem Alanenhaus.<\/p>\n<h4 class=\"termine\">Dortmund<\/h4>\n<p style=\"padding-left: 40px;\">jeweils 2. Mittwoch in den ungeraden Monaten,<br \/>\n12.00 Uhr im Restaurant Overkamp, Am Ellberg 1, 44265 Dortmund<br \/>\n8. Januar, 12. M\u00e4rz, 14. Mai, 9. Juli, 10. September, 12. November<br \/>\nAlle Stammtische finden mit Damen statt.<br \/>\nRechtzeitige Zu- oder Absagen erbittet: Bbr. G\u00fcnther Antensteiner (Kontaktdaten siehe interner Bereich)<\/p>\n<h4 class=\"termine\">K\u00f6ln<\/h4>\n<p style=\"padding-left: 40px;\">jeweils an jedem 3. Donnerstag zu Beginn eines Quartals um 12.00 Uhr<br \/>\nim Restaurant Wilkens Anno 1835,<br \/>\nZum Breitmaar 1, 50170 Kerpen-Sindorf<br \/>\n16. Januar, 17.April, 17. Juli, 20. November<br \/>\nAlle Stammtische finden mit Damen statt.<br \/>\nRechtzeitige Zu- oder Absagen erbittet: Bbr. Bernhard Schoregge (Kontaktdaten siehe Interner Bereich)<\/p>\n<h4>M\u00fcnchen<\/h4>\n<p style=\"padding-left: 40px;\">dieser Stammtisch findet nach jeweiliger Vereinbarung sporadisch statt.<br \/>\nWeitere Informationen bei Bbr. Wolfgang Eberhardt (Kontaktdaten siehe interner Bereich).<\/p>\n<h4 class=\"termine\">Saarland<\/h4>\n<p style=\"padding-left: 40px;\">Im Saarland treffen sich die Burschenschafter jeden 2. Donnerstag im<br \/>\nMonat. Weitere Informationen bei Bbr. J\u00f6rg R\u00fcbel (Kontaktdaten siehe interner Bereich).<\/p>\n","protected":false},"excerpt":{"rendered":"<p>Stammtische als Anlaufstelle und Treffpunkte f\u00fcr Alanen und andere Burschenschafter gibt es mittlerweile in der ganzen Republik. Hier ist eine \u00dcbersicht der Termine mit Ansprechpartnern. Aachen Unser offener Bundesabend auf dem Haus f\u00fcr alle Alanen,<a class=\"read-more\" href=\"http:\/\/www.alania-aachen.de\/wordpress\/alanen-stammtische-regionale-und-ueberregionale-veranstaltungen\/\">Continue reading<\/a><\/p>\n","protected":false},"author":1,"featured_media":0,"parent":0,"menu_order":0,"comment_status":"closed","ping_status":"closed","template":"","meta":{"footnotes":""},"_links":{"self":[{"href":"http:\/\/www.alania-aachen.de\/wordpress\/wp-json\/wp\/v2\/pages\/274"}],"collection":[{"href":"http:\/\/www.alania-aachen.de\/wordpress\/wp-json\/wp\/v2\/pages"}],"about":[{"href":"http:\/\/www.alania-aachen.de\/wordpress\/wp-json\/wp\/v2\/types\/page"}],"author":[{"embeddable":true,"href":"http:\/\/www.alania-aachen.de\/wordpress\/wp-json\/wp\/v2\/users\/1"}],"replies":[{"embeddable":true,"href":"http:\/\/www.alania-aachen.de\/wordpress\/wp-json\/wp\/v2\/comments?post=274"}],"version-history":[{"count":7,"href":"http:\/\/www.alania-aachen.de\/wordpress\/wp-json\/wp\/v2\/pages\/274\/revisions"}],"predecessor-version":[{"id":1184,"href":"http:\/\/www.alania-aachen.de\/wordpress\/wp-json\/wp\/v2\/pages\/274\/revisions\/1184"}],"wp:attachment":[{"href":"http:\/\/www.alania-aachen.de\/wordpress\/wp-json\/wp\/v2\/media?parent=274"}],"curies":[{"name":"wp","href":"https:\/\/api.w.org\/{rel}","templated":true}]}}